{"id":6,"date":"2018-03-04T14:54:05","date_gmt":"2018-03-04T14:54:05","guid":{"rendered":"https:\/\/heracleea.ro\/?page_id=6"},"modified":"2018-05-13T16:41:35","modified_gmt":"2018-05-13T16:41:35","slug":"despre-noi","status":"publish","type":"page","link":"https:\/\/heracleea.ro\/?page_id=6","title":{"rendered":"Despre noi"},"content":{"rendered":"<p style=\"text-align: center;\">&nbsp;<\/p>\n<p>Pensiunea Heracleea, situat\u0103 \u00eentr-o zon\u0103 lini\u015ftit\u0103 a comunei Jurilovca, este construit\u0103 \u00een stil rustic, cu materiale ecologice \u015fi finisaje interioare moderne. Turi\u015ftii no\u015ftri au la dispozi\u0163ie 40 de locuri de cazare repartizate astfel: un apartament, patru camere triple \u015fi 12 camere duble, toate dotate cu baie proprie. Exist\u0103 o curte amenajat\u0103 cu gazon, flori \u015fi pomi fructiferi, teras\u0103 acoperit\u0103, sal\u0103 de mese, buc\u0103t\u0103rie utilat\u0103, gr\u0103tar, cuptor cu lemne, plit\u0103.<\/p>\n<p>Ne m\u00e2ndrim c\u0103 putem s\u0103 le oferim clien\u0163ilor caza\u0163i la noi bucate tradi\u0163ionale din v\u00e2nat \u015fi pe\u015fte proasp\u0103t prins \u00een Delt\u0103, lacul Razim, Marea Neagr\u0103, re\u0163ete me\u015fte\u015fugite cu legume din gr\u0103dina proprie. C\u00e2rna\u0163ii, \u015funcile, sl\u0103ninu\u0163ele, salamul de cas\u0103, pieptul ardelenesc pe care le oferim la micul dejun (\u015fi nu numai) sunt produse \u00een carmangeria societ\u0103\u0163ii noastre din Sinaia, din animale selec\u0163ionate, crescute natural. Br\u00e2nzeturile poart\u0103 \u201esemn\u0103tura\u201d oierilor dobrogeni din zona Jurilovca, ei fiind \u015fi cei care ne aprovizioneaz\u0103 cu oi, miei sau iezi pentru celebrele deja tochituri sau fripturi la tav\u0103.<\/p>\n<p>Dup\u0103 un asemenea festin, este chiar nimerit\u0103 o plimbare la Cetatea Argamum (Capul Dolo\u015fman), aflat\u0103 la doar c\u00e2teva minute distan\u0163\u0103, pe malul lacului Razim sau la Gura Porti\u0163ei, pentru plaj\u0103 \u015fi&nbsp; baie \u00een mare. \u015ei dac\u0103 reu\u015fi\u0163i s\u0103 veni\u0163i la noi \u00een luna mai, este obligatoriu s\u0103 ajunge\u0163i la dealul cu bujori de l\u00e2ng\u0103 S\u0103lcioara, o adev\u0103rat\u0103 minune a naturii! \u015ei pentru c\u0103 ne place s\u0103 avem clien\u0163i mul\u0163umi\u0163i, pescarii au la dispozi\u0163ie numeroase locuri pentru a-\u015fi pune la \u00eencercare talentul \u015fi mo\u015fmoandele, lacurile Lunca 1 \u015fi Lunca 2, fiind adev\u0103rate Delte \u00een miniatur\u0103.<\/p>\n<p>Pentru grupurile aflate \u00een team-building avem o sal\u0103 de conferin\u0163e de 40 de locuri, dotat\u0103 cu proiector \u015fi internet wireless \u00een toat\u0103 pensiunea.<\/p>\n<p>Pre\u021burile pentru camerele noastre pot fi g\u0103site <span style=\"color: #0000ff;\"><a style=\"color: #0000ff;\" href=\"https:\/\/heracleea.ro\/?page_id=8\" target=\"_blank\" rel=\"noopener\">aici<\/a><\/span>.<\/p>\n","protected":false},"excerpt":{"rendered":"<p>&nbsp; Pensiunea Heracleea, situat\u0103 \u00eentr-o zon\u0103 lini\u015ftit\u0103 a comunei Jurilovca, este construit\u0103 \u00een stil rustic, cu materiale ecologice \u015fi finisaje interioare moderne. Turi\u015ftii no\u015ftri au la dispozi\u0163ie 40 de locuri de cazare repartizate astfel: un apartament, patru camere triple \u015fi 12 camere duble, toate dotate cu baie proprie. Exist\u0103 o curte amenajat\u0103 cu gazon, flori [&hellip;]<\/p>\n","protected":false},"author":1,"featured_media":450,"parent":0,"menu_order":0,"comment_status":"closed","ping_status":"closed","template":"","meta":{"ngg_post_thumbnail":0,"jetpack_post_was_ever_published":false,"footnotes":""},"class_list":["post-6","page","type-page","status-publish","has-post-thumbnail","hentry"],"jetpack_sharing_enabled":true,"jetpack_shortlink":"https:\/\/wp.me\/P9Itbc-6","jetpack_likes_enabled":true,"jetpack-related-posts":[{"id":8,"url":"https:\/\/heracleea.ro\/?page_id=8","url_meta":{"origin":6,"position":0},"title":"Va asteptam!","date":"March 4, 2018","format":false,"excerpt":"Pensiunea Heracleea dispune de trei tipuri de camere pentru cazare pentru ca dumneavoastr\u0103 s\u0103 v\u0103 pute\u021bi alege ceea ce vi se potrive\u0219te. De asemenea, pentru grupurile aflate \u00een team-building avem o sal\u0103 de conferin\u0163e de 40 de locuri, dotat\u0103 cu proiector \u015fi internet wireless \u00een toat\u0103 pensiunea. \u00a0 Pentru rezerv\u0103ri:\u2026","rel":"","context":"Similar post","img":{"alt_text":"","src":"https:\/\/i0.wp.com\/heracleea.ro\/wp-content\/uploads\/2018\/05\/featured4.jpg?fit=1200%2C600&ssl=1&resize=350%2C200","width":350,"height":200},"classes":[]},{"id":22,"url":"https:\/\/heracleea.ro\/","url_meta":{"origin":6,"position":1},"title":"Bine a\u021bi venit!","date":"March 4, 2018","format":false,"excerpt":"Pensiunea Heracleea este construit\u0103 \u00een stil rustic, cu materiale ecologice \u015fi cu finisaje interioare moderne. Este situat\u0103 \u00eentr-o zon\u0103 lini\u015ftit\u0103 a comunei Jurilovca, pe drumul ce duce la Cetatea Argamum (Capul Dolo\u015fman) \u015fi are vedere spre Lacul Razim \u015fi Gura Porti\u0163ei. Pe l\u00e2ng\u0103 locurile de cazare, pensiunea este dotat\u0103 cu\u2026","rel":"","context":"Similar post","img":{"alt_text":"","src":"https:\/\/i0.wp.com\/heracleea.ro\/wp-content\/uploads\/2018\/05\/featured4.jpg?fit=1200%2C600&ssl=1&resize=350%2C200","width":350,"height":200},"classes":[]},{"id":406,"url":"https:\/\/heracleea.ro\/?page_id=406","url_meta":{"origin":6,"position":2},"title":"Blog","date":"May 10, 2018","format":false,"excerpt":"Bine a\u021bi venit pe blogul pensiunii Heracleea! Selecta\u021bi din mediul de mai sus categoria pe care dori\u021bi s\u0103 o vizita\u021bi.","rel":"","context":"Similar post","img":{"alt_text":"","src":"https:\/\/i0.wp.com\/heracleea.ro\/wp-content\/uploads\/2018\/05\/featured4.jpg?fit=1200%2C600&ssl=1&resize=350%2C200","width":350,"height":200},"classes":[]}],"_links":{"self":[{"href":"https:\/\/heracleea.ro\/index.php?rest_route=\/wp\/v2\/pages\/6","targetHints":{"allow":["GET"]}}],"collection":[{"href":"https:\/\/heracleea.ro\/index.php?rest_route=\/wp\/v2\/pages"}],"about":[{"href":"https:\/\/heracleea.ro\/index.php?rest_route=\/wp\/v2\/types\/page"}],"author":[{"embeddable":true,"href":"https:\/\/heracleea.ro\/index.php?rest_route=\/wp\/v2\/users\/1"}],"replies":[{"embeddable":true,"href":"https:\/\/heracleea.ro\/index.php?rest_route=%2Fwp%2Fv2%2Fcomments&post=6"}],"version-history":[{"count":10,"href":"https:\/\/heracleea.ro\/index.php?rest_route=\/wp\/v2\/pages\/6\/revisions"}],"predecessor-version":[{"id":413,"href":"https:\/\/heracleea.ro\/index.php?rest_route=\/wp\/v2\/pages\/6\/revisions\/413"}],"wp:featuredmedia":[{"embeddable":true,"href":"https:\/\/heracleea.ro\/index.php?rest_route=\/wp\/v2\/media\/450"}],"wp:attachment":[{"href":"https:\/\/heracleea.ro\/index.php?rest_route=%2Fwp%2Fv2%2Fmedia&parent=6"}],"curies":[{"name":"wp","href":"https:\/\/api.w.org\/{rel}","templated":true}]}}